{"id":34349,"date":"2014-01-27T18:20:47","date_gmt":"2014-01-27T18:20:47","guid":{"rendered":"https:\/\/enjoy-travel.pl\/studia-w-uk\/"},"modified":"2019-11-02T09:46:26","modified_gmt":"2019-11-02T08:46:26","slug":"study-in-uk","status":"publish","type":"page","link":"https:\/\/enjoyusa.pl\/en\/study-in-uk\/","title":{"rendered":"Study in UK"},"content":{"rendered":"","protected":false},"excerpt":{"rendered":"","protected":false},"author":2,"featured_media":0,"parent":0,"menu_order":2,"comment_status":"open","ping_status":"closed","template":"page-template\/page-product.php","meta":{"footnotes":""},"class_list":["post-34349","page","type-page","status-publish","hentry"],"acf":[],"yoast_head":"<!-- This site is optimized with the Yoast SEO Premium plugin v26.1 (Yoast SEO v27.3) - https:\/\/yoast.com\/product\/yoast-seo-premium-wordpress\/ -->\n<title>Study in UK - Enjoy USA<\/title>\n<meta name=\"description\" content=\"Studia w Anglii przynios\u0105 Ci najlepsze wykszta\u0142cenie. Brytyjskie szko\u0142y nale\u017c\u0105 do najlepszych na \u015bwiecie. Daje to wi\u0119ksz\u0105 szans\u0119 na lukratywna prac\u0119.\" \/>\n<meta name=\"robots\" content=\"index, follow, max-snippet:-1, max-image-preview:large, max-video-preview:-1\" \/>\n<link rel=\"canonical\" href=\"https:\/\/enjoyusa.pl\/en\/study-in-uk\/\" \/>\n<meta property=\"og:locale\" content=\"en_US\" \/>\n<meta property=\"og:type\" content=\"article\" \/>\n<meta property=\"og:title\" content=\"Studium na vysok\u00e9 \u0161kole ve Velk\u00e9 Brit\u00e1nii - kvalitn\u00ed studium v zahrani\u010d\u00ed | Czech-us\" \/>\n<meta property=\"og:description\" content=\"Britsk\u00e9 vysok\u00e9 \u0161koly maj\u00ed v\u00fdbornou mezin\u00e1rodn\u00ed reputaci, tituly na nich z\u00edskan\u00e9 jsou uzn\u00e1v\u00e1ny zam\u011bstnavateli, vl\u00e1dami i dal\u0161\u00edmi vysoko\u0161kolsk\u00fdmi institucemi po cel\u00e9m sv\u011bt\u011b.\" \/>\n<meta property=\"og:url\" content=\"https:\/\/enjoyusa.pl\/en\/study-in-uk\/\" \/>\n<meta property=\"og:site_name\" content=\"Enjoy USA\" \/>\n<meta property=\"article:publisher\" content=\"https:\/\/www.facebook.com\/profile.php?id=100088749600403&amp;locale=pl_PL\" \/>\n<meta property=\"article:modified_time\" content=\"2019-11-02T08:46:26+00:00\" \/>\n<meta property=\"og:image\" content=\"https:\/\/enjoyusa.pl\/wp-content\/uploads\/2024\/09\/logo.jpg\" \/>\n\t<meta property=\"og:image:width\" content=\"1184\" \/>\n\t<meta property=\"og:image:height\" content=\"478\" \/>\n\t<meta property=\"og:image:type\" content=\"image\/jpeg\" \/>\n<meta name=\"twitter:card\" content=\"summary_large_image\" \/>\n<meta name=\"twitter:title\" content=\"Study in UK\" \/>\n<script type=\"application\/ld+json\" class=\"yoast-schema-graph\">{\"@context\":\"https:\\\/\\\/schema.org\",\"@graph\":[{\"@type\":\"WebPage\",\"@id\":\"https:\\\/\\\/enjoyusa.pl\\\/en\\\/study-in-uk\\\/\",\"url\":\"https:\\\/\\\/enjoyusa.pl\\\/en\\\/study-in-uk\\\/\",\"name\":\"Study in UK - Enjoy USA\",\"isPartOf\":{\"@id\":\"https:\\\/\\\/enjoyusa.pl\\\/#website\"},\"datePublished\":\"2014-01-27T18:20:47+00:00\",\"dateModified\":\"2019-11-02T08:46:26+00:00\",\"description\":\"Studia w Anglii przynios\u0105 Ci najlepsze wykszta\u0142cenie. Brytyjskie szko\u0142y nale\u017c\u0105 do najlepszych na \u015bwiecie. Daje to wi\u0119ksz\u0105 szans\u0119 na lukratywna prac\u0119.\",\"breadcrumb\":{\"@id\":\"https:\\\/\\\/enjoyusa.pl\\\/en\\\/study-in-uk\\\/#breadcrumb\"},\"inLanguage\":\"en-US\",\"potentialAction\":[{\"@type\":\"ReadAction\",\"target\":[\"https:\\\/\\\/enjoyusa.pl\\\/en\\\/study-in-uk\\\/\"]}]},{\"@type\":\"BreadcrumbList\",\"@id\":\"https:\\\/\\\/enjoyusa.pl\\\/en\\\/study-in-uk\\\/#breadcrumb\",\"itemListElement\":[{\"@type\":\"ListItem\",\"position\":1,\"name\":\"Strona g\u0142\u00f3wna\",\"item\":\"https:\\\/\\\/enjoyusa.pl\\\/en\\\/\"},{\"@type\":\"ListItem\",\"position\":2,\"name\":\"Study in UK\"}]},{\"@type\":\"WebSite\",\"@id\":\"https:\\\/\\\/enjoyusa.pl\\\/#website\",\"url\":\"https:\\\/\\\/enjoyusa.pl\\\/\",\"name\":\"Enjoy USA\",\"description\":\"Programy wyjazd\u00f3w zagranicznych\",\"publisher\":{\"@id\":\"https:\\\/\\\/enjoyusa.pl\\\/#organization\"},\"potentialAction\":[{\"@type\":\"SearchAction\",\"target\":{\"@type\":\"EntryPoint\",\"urlTemplate\":\"https:\\\/\\\/enjoyusa.pl\\\/?s={search_term_string}\"},\"query-input\":{\"@type\":\"PropertyValueSpecification\",\"valueRequired\":true,\"valueName\":\"search_term_string\"}}],\"inLanguage\":\"en-US\"},{\"@type\":\"Organization\",\"@id\":\"https:\\\/\\\/enjoyusa.pl\\\/#organization\",\"name\":\"Enjoy USA\",\"url\":\"https:\\\/\\\/enjoyusa.pl\\\/\",\"logo\":{\"@type\":\"ImageObject\",\"inLanguage\":\"en-US\",\"@id\":\"https:\\\/\\\/enjoyusa.pl\\\/#\\\/schema\\\/logo\\\/image\\\/\",\"url\":\"https:\\\/\\\/enjoyusa.pl\\\/wp-content\\\/uploads\\\/2024\\\/09\\\/logo.jpg\",\"contentUrl\":\"https:\\\/\\\/enjoyusa.pl\\\/wp-content\\\/uploads\\\/2024\\\/09\\\/logo.jpg\",\"width\":1184,\"height\":478,\"caption\":\"Enjoy USA\"},\"image\":{\"@id\":\"https:\\\/\\\/enjoyusa.pl\\\/#\\\/schema\\\/logo\\\/image\\\/\"},\"sameAs\":[\"https:\\\/\\\/www.facebook.com\\\/profile.php?id=100088749600403&locale=pl_PL\"],\"publishingPrinciples\":\"https:\\\/\\\/enjoyusa.pl\\\/wyjazdy-studenckie-za-granice\\\/wyjazdy-studenckie-do-usa\\\/\",\"ownershipFundingInfo\":\"https:\\\/\\\/enjoyusa.pl\\\/promocje-work-and-travel-usa\\\/\",\"actionableFeedbackPolicy\":\"https:\\\/\\\/enjoyusa.pl\\\/wyjazdy-studenckie-za-granice\\\/\",\"correctionsPolicy\":\"https:\\\/\\\/enjoyusa.pl\\\/polityka-prywatnosci\\\/\",\"ethicsPolicy\":\"https:\\\/\\\/enjoyusa.pl\\\/polityka-prywatnosci\\\/\",\"diversityPolicy\":\"https:\\\/\\\/enjoyusa.pl\\\/polityka-prywatnosci\\\/\",\"diversityStaffingReport\":\"https:\\\/\\\/enjoyusa.pl\\\/polityka-prywatnosci\\\/\"}]}<\/script>\n<!-- \/ Yoast SEO Premium plugin. -->","yoast_head_json":{"title":"Study in UK - Enjoy USA","description":"Studia w Anglii przynios\u0105 Ci najlepsze wykszta\u0142cenie. Brytyjskie szko\u0142y nale\u017c\u0105 do najlepszych na \u015bwiecie. Daje to wi\u0119ksz\u0105 szans\u0119 na lukratywna prac\u0119.","robots":{"index":"index","follow":"follow","max-snippet":"max-snippet:-1","max-image-preview":"max-image-preview:large","max-video-preview":"max-video-preview:-1"},"canonical":"https:\/\/enjoyusa.pl\/en\/study-in-uk\/","og_locale":"en_US","og_type":"article","og_title":"Studium na vysok\u00e9 \u0161kole ve Velk\u00e9 Brit\u00e1nii - kvalitn\u00ed studium v zahrani\u010d\u00ed | Czech-us","og_description":"Britsk\u00e9 vysok\u00e9 \u0161koly maj\u00ed v\u00fdbornou mezin\u00e1rodn\u00ed reputaci, tituly na nich z\u00edskan\u00e9 jsou uzn\u00e1v\u00e1ny zam\u011bstnavateli, vl\u00e1dami i dal\u0161\u00edmi vysoko\u0161kolsk\u00fdmi institucemi po cel\u00e9m sv\u011bt\u011b.","og_url":"https:\/\/enjoyusa.pl\/en\/study-in-uk\/","og_site_name":"Enjoy USA","article_publisher":"https:\/\/www.facebook.com\/profile.php?id=100088749600403&locale=pl_PL","article_modified_time":"2019-11-02T08:46:26+00:00","og_image":[{"width":1184,"height":478,"url":"https:\/\/enjoyusa.pl\/wp-content\/uploads\/2024\/09\/logo.jpg","type":"image\/jpeg"}],"twitter_card":"summary_large_image","twitter_title":"Study in UK","schema":{"@context":"https:\/\/schema.org","@graph":[{"@type":"WebPage","@id":"https:\/\/enjoyusa.pl\/en\/study-in-uk\/","url":"https:\/\/enjoyusa.pl\/en\/study-in-uk\/","name":"Study in UK - Enjoy USA","isPartOf":{"@id":"https:\/\/enjoyusa.pl\/#website"},"datePublished":"2014-01-27T18:20:47+00:00","dateModified":"2019-11-02T08:46:26+00:00","description":"Studia w Anglii przynios\u0105 Ci najlepsze wykszta\u0142cenie. Brytyjskie szko\u0142y nale\u017c\u0105 do najlepszych na \u015bwiecie. Daje to wi\u0119ksz\u0105 szans\u0119 na lukratywna prac\u0119.","breadcrumb":{"@id":"https:\/\/enjoyusa.pl\/en\/study-in-uk\/#breadcrumb"},"inLanguage":"en-US","potentialAction":[{"@type":"ReadAction","target":["https:\/\/enjoyusa.pl\/en\/study-in-uk\/"]}]},{"@type":"BreadcrumbList","@id":"https:\/\/enjoyusa.pl\/en\/study-in-uk\/#breadcrumb","itemListElement":[{"@type":"ListItem","position":1,"name":"Strona g\u0142\u00f3wna","item":"https:\/\/enjoyusa.pl\/en\/"},{"@type":"ListItem","position":2,"name":"Study in UK"}]},{"@type":"WebSite","@id":"https:\/\/enjoyusa.pl\/#website","url":"https:\/\/enjoyusa.pl\/","name":"Enjoy USA","description":"Programy wyjazd\u00f3w zagranicznych","publisher":{"@id":"https:\/\/enjoyusa.pl\/#organization"},"potentialAction":[{"@type":"SearchAction","target":{"@type":"EntryPoint","urlTemplate":"https:\/\/enjoyusa.pl\/?s={search_term_string}"},"query-input":{"@type":"PropertyValueSpecification","valueRequired":true,"valueName":"search_term_string"}}],"inLanguage":"en-US"},{"@type":"Organization","@id":"https:\/\/enjoyusa.pl\/#organization","name":"Enjoy USA","url":"https:\/\/enjoyusa.pl\/","logo":{"@type":"ImageObject","inLanguage":"en-US","@id":"https:\/\/enjoyusa.pl\/#\/schema\/logo\/image\/","url":"https:\/\/enjoyusa.pl\/wp-content\/uploads\/2024\/09\/logo.jpg","contentUrl":"https:\/\/enjoyusa.pl\/wp-content\/uploads\/2024\/09\/logo.jpg","width":1184,"height":478,"caption":"Enjoy USA"},"image":{"@id":"https:\/\/enjoyusa.pl\/#\/schema\/logo\/image\/"},"sameAs":["https:\/\/www.facebook.com\/profile.php?id=100088749600403&locale=pl_PL"],"publishingPrinciples":"https:\/\/enjoyusa.pl\/wyjazdy-studenckie-za-granice\/wyjazdy-studenckie-do-usa\/","ownershipFundingInfo":"https:\/\/enjoyusa.pl\/promocje-work-and-travel-usa\/","actionableFeedbackPolicy":"https:\/\/enjoyusa.pl\/wyjazdy-studenckie-za-granice\/","correctionsPolicy":"https:\/\/enjoyusa.pl\/polityka-prywatnosci\/","ethicsPolicy":"https:\/\/enjoyusa.pl\/polityka-prywatnosci\/","diversityPolicy":"https:\/\/enjoyusa.pl\/polityka-prywatnosci\/","diversityStaffingReport":"https:\/\/enjoyusa.pl\/polityka-prywatnosci\/"}]}},"rttpg_featured_image_url":null,"rttpg_author":{"display_name":"Michal Bla\u017eek","author_link":"https:\/\/enjoyusa.pl\/en\/author\/michal-blazek\/"},"rttpg_comment":0,"rttpg_category":" <a href=\"https:\/\/enjoyusa.pl\/en\/?taxonomy=translation_priority&#038;term=optional-en\" rel=\"tag\">Optional<\/a>","rttpg_excerpt":null,"_links":{"self":[{"href":"https:\/\/enjoyusa.pl\/en\/wp-json\/wp\/v2\/pages\/34349","targetHints":{"allow":["GET"]}}],"collection":[{"href":"https:\/\/enjoyusa.pl\/en\/wp-json\/wp\/v2\/pages"}],"about":[{"href":"https:\/\/enjoyusa.pl\/en\/wp-json\/wp\/v2\/types\/page"}],"author":[{"embeddable":true,"href":"https:\/\/enjoyusa.pl\/en\/wp-json\/wp\/v2\/users\/2"}],"replies":[{"embeddable":true,"href":"https:\/\/enjoyusa.pl\/en\/wp-json\/wp\/v2\/comments?post=34349"}],"version-history":[{"count":1,"href":"https:\/\/enjoyusa.pl\/en\/wp-json\/wp\/v2\/pages\/34349\/revisions"}],"predecessor-version":[{"id":34351,"href":"https:\/\/enjoyusa.pl\/en\/wp-json\/wp\/v2\/pages\/34349\/revisions\/34351"}],"wp:attachment":[{"href":"https:\/\/enjoyusa.pl\/en\/wp-json\/wp\/v2\/media?parent=34349"}],"curies":[{"name":"wp","href":"https:\/\/api.w.org\/{rel}","templated":true}]}}