{"id":34345,"date":"2011-02-06T11:00:48","date_gmt":"2011-02-06T11:00:48","guid":{"rendered":"https:\/\/enjoy-travel.pl\/work-and-travel-usa\/mam-prace\/"},"modified":"2023-12-12T11:14:15","modified_gmt":"2023-12-12T10:14:15","slug":"have-a-job","status":"publish","type":"page","link":"https:\/\/enjoyusa.pl\/en\/work-and-travel-usa\/have-a-job\/","title":{"rendered":"Work and Travel USA &#8211;  Have a Job"},"content":{"rendered":"","protected":false},"excerpt":{"rendered":"","protected":false},"author":2,"featured_media":0,"parent":34337,"menu_order":3,"comment_status":"open","ping_status":"closed","template":"page-template\/page-product.php","meta":{"footnotes":""},"class_list":["post-34345","page","type-page","status-publish","hentry"],"acf":[],"yoast_head":"<!-- This site is optimized with the Yoast SEO Premium plugin v26.1 (Yoast SEO v27.4) - https:\/\/yoast.com\/product\/yoast-seo-premium-wordpress\/ -->\n<title>Work and Travel USA - Have a Job - Enjoy USA<\/title>\n<meta name=\"description\" content=\"Czy sam poszukujesz pracodawcy w USA? Program Work and Travel USA - Praca, kt\u00f3r\u0105 mamy, jest przeznaczona dla Ciebie. Pomo\u017cemy Ci z ca\u0142ym programem wizowym!\" \/>\n<meta name=\"robots\" content=\"index, follow, max-snippet:-1, max-image-preview:large, max-video-preview:-1\" \/>\n<link rel=\"canonical\" href=\"https:\/\/enjoyusa.pl\/en\/work-and-travel-usa\/have-a-job\/\" \/>\n<meta property=\"og:locale\" content=\"en_US\" \/>\n<meta property=\"og:type\" content=\"article\" \/>\n<meta property=\"og:title\" content=\"Work&amp;Travel USA - M\u00e1m zaji\u0161t\u011bnu pr\u00e1ci v USA | Czech-us\" \/>\n<meta property=\"og:description\" content=\"Program zahrnuje pomoc s v\u00edzovou agendou do USA pro z\u00e1jemce, kte\u0159\u00ed ji\u017e maj\u00ed nalezenu brig\u00e1du ve Spojen\u00fdch st\u00e1tech a pot\u0159ebuj\u00ed asistenci p\u0159i za\u0159izov\u00e1n\u00ed v\u00edz J1, kter\u00e1 jsou nezbytn\u00e1 pro \u00fa\u010dast v programu Work and Travel USA.\" \/>\n<meta property=\"og:url\" content=\"https:\/\/enjoyusa.pl\/en\/work-and-travel-usa\/have-a-job\/\" \/>\n<meta property=\"og:site_name\" content=\"Enjoy USA\" \/>\n<meta property=\"article:publisher\" content=\"https:\/\/www.facebook.com\/profile.php?id=100088749600403&amp;locale=pl_PL\" \/>\n<meta property=\"article:modified_time\" content=\"2023-12-12T10:14:15+00:00\" \/>\n<meta property=\"og:image\" content=\"https:\/\/enjoyusa.pl\/wp-content\/uploads\/2024\/09\/logo.jpg\" \/>\n\t<meta property=\"og:image:width\" content=\"1184\" \/>\n\t<meta property=\"og:image:height\" content=\"478\" \/>\n\t<meta property=\"og:image:type\" content=\"image\/jpeg\" \/>\n<meta name=\"twitter:card\" content=\"summary_large_image\" \/>\n<meta name=\"twitter:title\" content=\"Work and Travel USA - Have a Job\" \/>\n<script type=\"application\/ld+json\" class=\"yoast-schema-graph\">{\"@context\":\"https:\\\/\\\/schema.org\",\"@graph\":[{\"@type\":\"WebPage\",\"@id\":\"https:\\\/\\\/enjoyusa.pl\\\/en\\\/work-and-travel-usa\\\/have-a-job\\\/\",\"url\":\"https:\\\/\\\/enjoyusa.pl\\\/en\\\/work-and-travel-usa\\\/have-a-job\\\/\",\"name\":\"Work and Travel USA - Have a Job - Enjoy USA\",\"isPartOf\":{\"@id\":\"https:\\\/\\\/enjoyusa.pl\\\/#website\"},\"datePublished\":\"2011-02-06T11:00:48+00:00\",\"dateModified\":\"2023-12-12T10:14:15+00:00\",\"description\":\"Czy sam poszukujesz pracodawcy w USA? Program Work and Travel USA - Praca, kt\u00f3r\u0105 mamy, jest przeznaczona dla Ciebie. Pomo\u017cemy Ci z ca\u0142ym programem wizowym!\",\"breadcrumb\":{\"@id\":\"https:\\\/\\\/enjoyusa.pl\\\/en\\\/work-and-travel-usa\\\/have-a-job\\\/#breadcrumb\"},\"inLanguage\":\"en-US\",\"potentialAction\":[{\"@type\":\"ReadAction\",\"target\":[\"https:\\\/\\\/enjoyusa.pl\\\/en\\\/work-and-travel-usa\\\/have-a-job\\\/\"]}]},{\"@type\":\"BreadcrumbList\",\"@id\":\"https:\\\/\\\/enjoyusa.pl\\\/en\\\/work-and-travel-usa\\\/have-a-job\\\/#breadcrumb\",\"itemListElement\":[{\"@type\":\"ListItem\",\"position\":1,\"name\":\"Strona g\u0142\u00f3wna\",\"item\":\"https:\\\/\\\/enjoyusa.pl\\\/en\\\/\"},{\"@type\":\"ListItem\",\"position\":2,\"name\":\"Work and Travel USA 2024\",\"item\":\"https:\\\/\\\/enjoyusa.pl\\\/en\\\/work-and-travel-usa\\\/\"},{\"@type\":\"ListItem\",\"position\":3,\"name\":\"Work and Travel USA &#8211; Have a Job\"}]},{\"@type\":\"WebSite\",\"@id\":\"https:\\\/\\\/enjoyusa.pl\\\/#website\",\"url\":\"https:\\\/\\\/enjoyusa.pl\\\/\",\"name\":\"Enjoy USA\",\"description\":\"Programy wyjazd\u00f3w zagranicznych\",\"publisher\":{\"@id\":\"https:\\\/\\\/enjoyusa.pl\\\/#organization\"},\"potentialAction\":[{\"@type\":\"SearchAction\",\"target\":{\"@type\":\"EntryPoint\",\"urlTemplate\":\"https:\\\/\\\/enjoyusa.pl\\\/?s={search_term_string}\"},\"query-input\":{\"@type\":\"PropertyValueSpecification\",\"valueRequired\":true,\"valueName\":\"search_term_string\"}}],\"inLanguage\":\"en-US\"},{\"@type\":\"Organization\",\"@id\":\"https:\\\/\\\/enjoyusa.pl\\\/#organization\",\"name\":\"Enjoy USA\",\"url\":\"https:\\\/\\\/enjoyusa.pl\\\/\",\"logo\":{\"@type\":\"ImageObject\",\"inLanguage\":\"en-US\",\"@id\":\"https:\\\/\\\/enjoyusa.pl\\\/#\\\/schema\\\/logo\\\/image\\\/\",\"url\":\"https:\\\/\\\/enjoyusa.pl\\\/wp-content\\\/uploads\\\/2024\\\/09\\\/logo.jpg\",\"contentUrl\":\"https:\\\/\\\/enjoyusa.pl\\\/wp-content\\\/uploads\\\/2024\\\/09\\\/logo.jpg\",\"width\":1184,\"height\":478,\"caption\":\"Enjoy USA\"},\"image\":{\"@id\":\"https:\\\/\\\/enjoyusa.pl\\\/#\\\/schema\\\/logo\\\/image\\\/\"},\"sameAs\":[\"https:\\\/\\\/www.facebook.com\\\/profile.php?id=100088749600403&locale=pl_PL\"],\"publishingPrinciples\":\"https:\\\/\\\/enjoyusa.pl\\\/wyjazdy-studenckie-za-granice\\\/wyjazdy-studenckie-do-usa\\\/\",\"ownershipFundingInfo\":\"https:\\\/\\\/enjoyusa.pl\\\/promocje-work-and-travel-usa\\\/\",\"actionableFeedbackPolicy\":\"https:\\\/\\\/enjoyusa.pl\\\/wyjazdy-studenckie-za-granice\\\/\",\"correctionsPolicy\":\"https:\\\/\\\/enjoyusa.pl\\\/polityka-prywatnosci\\\/\",\"ethicsPolicy\":\"https:\\\/\\\/enjoyusa.pl\\\/polityka-prywatnosci\\\/\",\"diversityPolicy\":\"https:\\\/\\\/enjoyusa.pl\\\/polityka-prywatnosci\\\/\",\"diversityStaffingReport\":\"https:\\\/\\\/enjoyusa.pl\\\/polityka-prywatnosci\\\/\"}]}<\/script>\n<!-- \/ Yoast SEO Premium plugin. -->","yoast_head_json":{"title":"Work and Travel USA - Have a Job - Enjoy USA","description":"Czy sam poszukujesz pracodawcy w USA? Program Work and Travel USA - Praca, kt\u00f3r\u0105 mamy, jest przeznaczona dla Ciebie. Pomo\u017cemy Ci z ca\u0142ym programem wizowym!","robots":{"index":"index","follow":"follow","max-snippet":"max-snippet:-1","max-image-preview":"max-image-preview:large","max-video-preview":"max-video-preview:-1"},"canonical":"https:\/\/enjoyusa.pl\/en\/work-and-travel-usa\/have-a-job\/","og_locale":"en_US","og_type":"article","og_title":"Work&Travel USA - M\u00e1m zaji\u0161t\u011bnu pr\u00e1ci v USA | Czech-us","og_description":"Program zahrnuje pomoc s v\u00edzovou agendou do USA pro z\u00e1jemce, kte\u0159\u00ed ji\u017e maj\u00ed nalezenu brig\u00e1du ve Spojen\u00fdch st\u00e1tech a pot\u0159ebuj\u00ed asistenci p\u0159i za\u0159izov\u00e1n\u00ed v\u00edz J1, kter\u00e1 jsou nezbytn\u00e1 pro \u00fa\u010dast v programu Work and Travel USA.","og_url":"https:\/\/enjoyusa.pl\/en\/work-and-travel-usa\/have-a-job\/","og_site_name":"Enjoy USA","article_publisher":"https:\/\/www.facebook.com\/profile.php?id=100088749600403&locale=pl_PL","article_modified_time":"2023-12-12T10:14:15+00:00","og_image":[{"width":1184,"height":478,"url":"https:\/\/enjoyusa.pl\/wp-content\/uploads\/2024\/09\/logo.jpg","type":"image\/jpeg"}],"twitter_card":"summary_large_image","twitter_title":"Work and Travel USA - Have a Job","schema":{"@context":"https:\/\/schema.org","@graph":[{"@type":"WebPage","@id":"https:\/\/enjoyusa.pl\/en\/work-and-travel-usa\/have-a-job\/","url":"https:\/\/enjoyusa.pl\/en\/work-and-travel-usa\/have-a-job\/","name":"Work and Travel USA - Have a Job - Enjoy USA","isPartOf":{"@id":"https:\/\/enjoyusa.pl\/#website"},"datePublished":"2011-02-06T11:00:48+00:00","dateModified":"2023-12-12T10:14:15+00:00","description":"Czy sam poszukujesz pracodawcy w USA? Program Work and Travel USA - Praca, kt\u00f3r\u0105 mamy, jest przeznaczona dla Ciebie. Pomo\u017cemy Ci z ca\u0142ym programem wizowym!","breadcrumb":{"@id":"https:\/\/enjoyusa.pl\/en\/work-and-travel-usa\/have-a-job\/#breadcrumb"},"inLanguage":"en-US","potentialAction":[{"@type":"ReadAction","target":["https:\/\/enjoyusa.pl\/en\/work-and-travel-usa\/have-a-job\/"]}]},{"@type":"BreadcrumbList","@id":"https:\/\/enjoyusa.pl\/en\/work-and-travel-usa\/have-a-job\/#breadcrumb","itemListElement":[{"@type":"ListItem","position":1,"name":"Strona g\u0142\u00f3wna","item":"https:\/\/enjoyusa.pl\/en\/"},{"@type":"ListItem","position":2,"name":"Work and Travel USA 2024","item":"https:\/\/enjoyusa.pl\/en\/work-and-travel-usa\/"},{"@type":"ListItem","position":3,"name":"Work and Travel USA &#8211; Have a Job"}]},{"@type":"WebSite","@id":"https:\/\/enjoyusa.pl\/#website","url":"https:\/\/enjoyusa.pl\/","name":"Enjoy USA","description":"Programy wyjazd\u00f3w zagranicznych","publisher":{"@id":"https:\/\/enjoyusa.pl\/#organization"},"potentialAction":[{"@type":"SearchAction","target":{"@type":"EntryPoint","urlTemplate":"https:\/\/enjoyusa.pl\/?s={search_term_string}"},"query-input":{"@type":"PropertyValueSpecification","valueRequired":true,"valueName":"search_term_string"}}],"inLanguage":"en-US"},{"@type":"Organization","@id":"https:\/\/enjoyusa.pl\/#organization","name":"Enjoy USA","url":"https:\/\/enjoyusa.pl\/","logo":{"@type":"ImageObject","inLanguage":"en-US","@id":"https:\/\/enjoyusa.pl\/#\/schema\/logo\/image\/","url":"https:\/\/enjoyusa.pl\/wp-content\/uploads\/2024\/09\/logo.jpg","contentUrl":"https:\/\/enjoyusa.pl\/wp-content\/uploads\/2024\/09\/logo.jpg","width":1184,"height":478,"caption":"Enjoy USA"},"image":{"@id":"https:\/\/enjoyusa.pl\/#\/schema\/logo\/image\/"},"sameAs":["https:\/\/www.facebook.com\/profile.php?id=100088749600403&locale=pl_PL"],"publishingPrinciples":"https:\/\/enjoyusa.pl\/wyjazdy-studenckie-za-granice\/wyjazdy-studenckie-do-usa\/","ownershipFundingInfo":"https:\/\/enjoyusa.pl\/promocje-work-and-travel-usa\/","actionableFeedbackPolicy":"https:\/\/enjoyusa.pl\/wyjazdy-studenckie-za-granice\/","correctionsPolicy":"https:\/\/enjoyusa.pl\/polityka-prywatnosci\/","ethicsPolicy":"https:\/\/enjoyusa.pl\/polityka-prywatnosci\/","diversityPolicy":"https:\/\/enjoyusa.pl\/polityka-prywatnosci\/","diversityStaffingReport":"https:\/\/enjoyusa.pl\/polityka-prywatnosci\/"}]}},"rttpg_featured_image_url":null,"rttpg_author":{"display_name":"Michal Bla\u017eek","author_link":"https:\/\/enjoyusa.pl\/en\/author\/michal-blazek\/"},"rttpg_comment":0,"rttpg_category":" <a href=\"https:\/\/enjoyusa.pl\/en\/?taxonomy=translation_priority&#038;term=optional-en\" rel=\"tag\">Optional<\/a>","rttpg_excerpt":null,"_links":{"self":[{"href":"https:\/\/enjoyusa.pl\/en\/wp-json\/wp\/v2\/pages\/34345","targetHints":{"allow":["GET"]}}],"collection":[{"href":"https:\/\/enjoyusa.pl\/en\/wp-json\/wp\/v2\/pages"}],"about":[{"href":"https:\/\/enjoyusa.pl\/en\/wp-json\/wp\/v2\/types\/page"}],"author":[{"embeddable":true,"href":"https:\/\/enjoyusa.pl\/en\/wp-json\/wp\/v2\/users\/2"}],"replies":[{"embeddable":true,"href":"https:\/\/enjoyusa.pl\/en\/wp-json\/wp\/v2\/comments?post=34345"}],"version-history":[{"count":7,"href":"https:\/\/enjoyusa.pl\/en\/wp-json\/wp\/v2\/pages\/34345\/revisions"}],"predecessor-version":[{"id":35040,"href":"https:\/\/enjoyusa.pl\/en\/wp-json\/wp\/v2\/pages\/34345\/revisions\/35040"}],"up":[{"embeddable":true,"href":"https:\/\/enjoyusa.pl\/en\/wp-json\/wp\/v2\/pages\/34337"}],"wp:attachment":[{"href":"https:\/\/enjoyusa.pl\/en\/wp-json\/wp\/v2\/media?parent=34345"}],"curies":[{"name":"wp","href":"https:\/\/api.w.org\/{rel}","templated":true}]}}