{"id":34337,"date":"2011-02-06T11:00:48","date_gmt":"2011-02-06T11:00:48","guid":{"rendered":"https:\/\/enjoy-travel.pl\/work-and-travel-usa\/"},"modified":"2023-11-17T15:04:08","modified_gmt":"2023-11-17T14:04:08","slug":"work-and-travel-usa","status":"publish","type":"page","link":"https:\/\/enjoyusa.pl\/en\/work-and-travel-usa\/","title":{"rendered":"Work and Travel USA 2024"},"content":{"rendered":"","protected":false},"excerpt":{"rendered":"","protected":false},"author":2,"featured_media":0,"parent":0,"menu_order":1,"comment_status":"open","ping_status":"closed","template":"page-template\/page-product.php","meta":{"footnotes":""},"class_list":["post-34337","page","type-page","status-publish","hentry"],"acf":[],"yoast_head":"<!-- This site is optimized with the Yoast SEO Premium plugin v26.1 (Yoast SEO v27.4) - https:\/\/yoast.com\/product\/yoast-seo-premium-wordpress\/ -->\n<title>Work and travel USA | enjoyusa.pl<\/title>\n<meta name=\"description\" content=\"Program WORK AND TRAVEL USA (WAT) jest uruchomiony specjalnie dla student\u00f3w. Mog\u0105 oni dzi\u0119ki temu podr\u00f3\u017cowa\u0107 po Stanach i tam pracowa\u0107.\" \/>\n<meta name=\"robots\" content=\"index, follow, max-snippet:-1, max-image-preview:large, max-video-preview:-1\" \/>\n<link rel=\"canonical\" href=\"https:\/\/enjoyusa.pl\/en\/work-and-travel-usa\/\" \/>\n<meta property=\"og:locale\" content=\"en_US\" \/>\n<meta property=\"og:type\" content=\"article\" \/>\n<meta property=\"og:title\" content=\"Work &amp; Travel USA - letn\u00ed brig\u00e1da v USA | Czech-us\" \/>\n<meta property=\"og:description\" content=\"\u201eWork = pracuj, travel = cestuj\u201c \u2013 o tom je program Work and Travel v USA. V dob\u011b letn\u00ed pauzy na univerzit\u011b nebo vy\u0161\u0161\u00ed odborn\u00e9 \u0161kole m\u016f\u017eete vyrazit do USA \u2013 a\u017e 4 m\u011bs\u00edce pracovat, vyd\u011blat si na cestov\u00e1n\u00ed a \u00fahradu po\u010d\u00e1te\u010dn\u00edch n\u00e1klad\u016f a na konci pr\u00e1zdnin u\u017e pouze cestovat a pozn\u00e1vat kr\u00e1sy Spojen\u00fdch st\u00e1t\u016f americk\u00fdch.\" \/>\n<meta property=\"og:url\" content=\"https:\/\/enjoyusa.pl\/en\/work-and-travel-usa\/\" \/>\n<meta property=\"og:site_name\" content=\"Enjoy USA\" \/>\n<meta property=\"article:publisher\" content=\"https:\/\/www.facebook.com\/profile.php?id=100088749600403&amp;locale=pl_PL\" \/>\n<meta property=\"article:modified_time\" content=\"2023-11-17T14:04:08+00:00\" \/>\n<meta property=\"og:image\" content=\"https:\/\/enjoyusa.pl\/wp-content\/uploads\/2024\/09\/logo.jpg\" \/>\n\t<meta property=\"og:image:width\" content=\"1184\" \/>\n\t<meta property=\"og:image:height\" content=\"478\" \/>\n\t<meta property=\"og:image:type\" content=\"image\/jpeg\" \/>\n<meta name=\"twitter:card\" content=\"summary_large_image\" \/>\n<meta name=\"twitter:title\" content=\"Work and Travel USA 2024\" \/>\n<script type=\"application\/ld+json\" class=\"yoast-schema-graph\">{\"@context\":\"https:\\\/\\\/schema.org\",\"@graph\":[{\"@type\":\"WebPage\",\"@id\":\"https:\\\/\\\/enjoyusa.pl\\\/en\\\/work-and-travel-usa\\\/\",\"url\":\"https:\\\/\\\/enjoyusa.pl\\\/en\\\/work-and-travel-usa\\\/\",\"name\":\"Work and travel USA | enjoyusa.pl\",\"isPartOf\":{\"@id\":\"https:\\\/\\\/enjoyusa.pl\\\/#website\"},\"datePublished\":\"2011-02-06T11:00:48+00:00\",\"dateModified\":\"2023-11-17T14:04:08+00:00\",\"description\":\"Program WORK AND TRAVEL USA (WAT) jest uruchomiony specjalnie dla student\u00f3w. Mog\u0105 oni dzi\u0119ki temu podr\u00f3\u017cowa\u0107 po Stanach i tam pracowa\u0107.\",\"breadcrumb\":{\"@id\":\"https:\\\/\\\/enjoyusa.pl\\\/en\\\/work-and-travel-usa\\\/#breadcrumb\"},\"inLanguage\":\"en-US\",\"potentialAction\":[{\"@type\":\"ReadAction\",\"target\":[\"https:\\\/\\\/enjoyusa.pl\\\/en\\\/work-and-travel-usa\\\/\"]}]},{\"@type\":\"BreadcrumbList\",\"@id\":\"https:\\\/\\\/enjoyusa.pl\\\/en\\\/work-and-travel-usa\\\/#breadcrumb\",\"itemListElement\":[{\"@type\":\"ListItem\",\"position\":1,\"name\":\"Strona g\u0142\u00f3wna\",\"item\":\"https:\\\/\\\/enjoyusa.pl\\\/en\\\/\"},{\"@type\":\"ListItem\",\"position\":2,\"name\":\"Work and Travel USA 2024\"}]},{\"@type\":\"WebSite\",\"@id\":\"https:\\\/\\\/enjoyusa.pl\\\/#website\",\"url\":\"https:\\\/\\\/enjoyusa.pl\\\/\",\"name\":\"Enjoy USA\",\"description\":\"Programy wyjazd\u00f3w zagranicznych\",\"publisher\":{\"@id\":\"https:\\\/\\\/enjoyusa.pl\\\/#organization\"},\"potentialAction\":[{\"@type\":\"SearchAction\",\"target\":{\"@type\":\"EntryPoint\",\"urlTemplate\":\"https:\\\/\\\/enjoyusa.pl\\\/?s={search_term_string}\"},\"query-input\":{\"@type\":\"PropertyValueSpecification\",\"valueRequired\":true,\"valueName\":\"search_term_string\"}}],\"inLanguage\":\"en-US\"},{\"@type\":\"Organization\",\"@id\":\"https:\\\/\\\/enjoyusa.pl\\\/#organization\",\"name\":\"Enjoy USA\",\"url\":\"https:\\\/\\\/enjoyusa.pl\\\/\",\"logo\":{\"@type\":\"ImageObject\",\"inLanguage\":\"en-US\",\"@id\":\"https:\\\/\\\/enjoyusa.pl\\\/#\\\/schema\\\/logo\\\/image\\\/\",\"url\":\"https:\\\/\\\/enjoyusa.pl\\\/wp-content\\\/uploads\\\/2024\\\/09\\\/logo.jpg\",\"contentUrl\":\"https:\\\/\\\/enjoyusa.pl\\\/wp-content\\\/uploads\\\/2024\\\/09\\\/logo.jpg\",\"width\":1184,\"height\":478,\"caption\":\"Enjoy USA\"},\"image\":{\"@id\":\"https:\\\/\\\/enjoyusa.pl\\\/#\\\/schema\\\/logo\\\/image\\\/\"},\"sameAs\":[\"https:\\\/\\\/www.facebook.com\\\/profile.php?id=100088749600403&locale=pl_PL\"],\"publishingPrinciples\":\"https:\\\/\\\/enjoyusa.pl\\\/wyjazdy-studenckie-za-granice\\\/wyjazdy-studenckie-do-usa\\\/\",\"ownershipFundingInfo\":\"https:\\\/\\\/enjoyusa.pl\\\/promocje-work-and-travel-usa\\\/\",\"actionableFeedbackPolicy\":\"https:\\\/\\\/enjoyusa.pl\\\/wyjazdy-studenckie-za-granice\\\/\",\"correctionsPolicy\":\"https:\\\/\\\/enjoyusa.pl\\\/polityka-prywatnosci\\\/\",\"ethicsPolicy\":\"https:\\\/\\\/enjoyusa.pl\\\/polityka-prywatnosci\\\/\",\"diversityPolicy\":\"https:\\\/\\\/enjoyusa.pl\\\/polityka-prywatnosci\\\/\",\"diversityStaffingReport\":\"https:\\\/\\\/enjoyusa.pl\\\/polityka-prywatnosci\\\/\"}]}<\/script>\n<!-- \/ Yoast SEO Premium plugin. -->","yoast_head_json":{"title":"Work and travel USA | enjoyusa.pl","description":"Program WORK AND TRAVEL USA (WAT) jest uruchomiony specjalnie dla student\u00f3w. Mog\u0105 oni dzi\u0119ki temu podr\u00f3\u017cowa\u0107 po Stanach i tam pracowa\u0107.","robots":{"index":"index","follow":"follow","max-snippet":"max-snippet:-1","max-image-preview":"max-image-preview:large","max-video-preview":"max-video-preview:-1"},"canonical":"https:\/\/enjoyusa.pl\/en\/work-and-travel-usa\/","og_locale":"en_US","og_type":"article","og_title":"Work & Travel USA - letn\u00ed brig\u00e1da v USA | Czech-us","og_description":"\u201eWork = pracuj, travel = cestuj\u201c \u2013 o tom je program Work and Travel v USA. V dob\u011b letn\u00ed pauzy na univerzit\u011b nebo vy\u0161\u0161\u00ed odborn\u00e9 \u0161kole m\u016f\u017eete vyrazit do USA \u2013 a\u017e 4 m\u011bs\u00edce pracovat, vyd\u011blat si na cestov\u00e1n\u00ed a \u00fahradu po\u010d\u00e1te\u010dn\u00edch n\u00e1klad\u016f a na konci pr\u00e1zdnin u\u017e pouze cestovat a pozn\u00e1vat kr\u00e1sy Spojen\u00fdch st\u00e1t\u016f americk\u00fdch.","og_url":"https:\/\/enjoyusa.pl\/en\/work-and-travel-usa\/","og_site_name":"Enjoy USA","article_publisher":"https:\/\/www.facebook.com\/profile.php?id=100088749600403&locale=pl_PL","article_modified_time":"2023-11-17T14:04:08+00:00","og_image":[{"width":1184,"height":478,"url":"https:\/\/enjoyusa.pl\/wp-content\/uploads\/2024\/09\/logo.jpg","type":"image\/jpeg"}],"twitter_card":"summary_large_image","twitter_title":"Work and Travel USA 2024","schema":{"@context":"https:\/\/schema.org","@graph":[{"@type":"WebPage","@id":"https:\/\/enjoyusa.pl\/en\/work-and-travel-usa\/","url":"https:\/\/enjoyusa.pl\/en\/work-and-travel-usa\/","name":"Work and travel USA | enjoyusa.pl","isPartOf":{"@id":"https:\/\/enjoyusa.pl\/#website"},"datePublished":"2011-02-06T11:00:48+00:00","dateModified":"2023-11-17T14:04:08+00:00","description":"Program WORK AND TRAVEL USA (WAT) jest uruchomiony specjalnie dla student\u00f3w. Mog\u0105 oni dzi\u0119ki temu podr\u00f3\u017cowa\u0107 po Stanach i tam pracowa\u0107.","breadcrumb":{"@id":"https:\/\/enjoyusa.pl\/en\/work-and-travel-usa\/#breadcrumb"},"inLanguage":"en-US","potentialAction":[{"@type":"ReadAction","target":["https:\/\/enjoyusa.pl\/en\/work-and-travel-usa\/"]}]},{"@type":"BreadcrumbList","@id":"https:\/\/enjoyusa.pl\/en\/work-and-travel-usa\/#breadcrumb","itemListElement":[{"@type":"ListItem","position":1,"name":"Strona g\u0142\u00f3wna","item":"https:\/\/enjoyusa.pl\/en\/"},{"@type":"ListItem","position":2,"name":"Work and Travel USA 2024"}]},{"@type":"WebSite","@id":"https:\/\/enjoyusa.pl\/#website","url":"https:\/\/enjoyusa.pl\/","name":"Enjoy USA","description":"Programy wyjazd\u00f3w zagranicznych","publisher":{"@id":"https:\/\/enjoyusa.pl\/#organization"},"potentialAction":[{"@type":"SearchAction","target":{"@type":"EntryPoint","urlTemplate":"https:\/\/enjoyusa.pl\/?s={search_term_string}"},"query-input":{"@type":"PropertyValueSpecification","valueRequired":true,"valueName":"search_term_string"}}],"inLanguage":"en-US"},{"@type":"Organization","@id":"https:\/\/enjoyusa.pl\/#organization","name":"Enjoy USA","url":"https:\/\/enjoyusa.pl\/","logo":{"@type":"ImageObject","inLanguage":"en-US","@id":"https:\/\/enjoyusa.pl\/#\/schema\/logo\/image\/","url":"https:\/\/enjoyusa.pl\/wp-content\/uploads\/2024\/09\/logo.jpg","contentUrl":"https:\/\/enjoyusa.pl\/wp-content\/uploads\/2024\/09\/logo.jpg","width":1184,"height":478,"caption":"Enjoy USA"},"image":{"@id":"https:\/\/enjoyusa.pl\/#\/schema\/logo\/image\/"},"sameAs":["https:\/\/www.facebook.com\/profile.php?id=100088749600403&locale=pl_PL"],"publishingPrinciples":"https:\/\/enjoyusa.pl\/wyjazdy-studenckie-za-granice\/wyjazdy-studenckie-do-usa\/","ownershipFundingInfo":"https:\/\/enjoyusa.pl\/promocje-work-and-travel-usa\/","actionableFeedbackPolicy":"https:\/\/enjoyusa.pl\/wyjazdy-studenckie-za-granice\/","correctionsPolicy":"https:\/\/enjoyusa.pl\/polityka-prywatnosci\/","ethicsPolicy":"https:\/\/enjoyusa.pl\/polityka-prywatnosci\/","diversityPolicy":"https:\/\/enjoyusa.pl\/polityka-prywatnosci\/","diversityStaffingReport":"https:\/\/enjoyusa.pl\/polityka-prywatnosci\/"}]}},"rttpg_featured_image_url":null,"rttpg_author":{"display_name":"Michal Bla\u017eek","author_link":"https:\/\/enjoyusa.pl\/en\/author\/michal-blazek\/"},"rttpg_comment":0,"rttpg_category":" <a href=\"https:\/\/enjoyusa.pl\/en\/?taxonomy=translation_priority&#038;term=optional-en\" rel=\"tag\">Optional<\/a>","rttpg_excerpt":null,"_links":{"self":[{"href":"https:\/\/enjoyusa.pl\/en\/wp-json\/wp\/v2\/pages\/34337","targetHints":{"allow":["GET"]}}],"collection":[{"href":"https:\/\/enjoyusa.pl\/en\/wp-json\/wp\/v2\/pages"}],"about":[{"href":"https:\/\/enjoyusa.pl\/en\/wp-json\/wp\/v2\/types\/page"}],"author":[{"embeddable":true,"href":"https:\/\/enjoyusa.pl\/en\/wp-json\/wp\/v2\/users\/2"}],"replies":[{"embeddable":true,"href":"https:\/\/enjoyusa.pl\/en\/wp-json\/wp\/v2\/comments?post=34337"}],"version-history":[{"count":5,"href":"https:\/\/enjoyusa.pl\/en\/wp-json\/wp\/v2\/pages\/34337\/revisions"}],"predecessor-version":[{"id":35027,"href":"https:\/\/enjoyusa.pl\/en\/wp-json\/wp\/v2\/pages\/34337\/revisions\/35027"}],"wp:attachment":[{"href":"https:\/\/enjoyusa.pl\/en\/wp-json\/wp\/v2\/media?parent=34337"}],"curies":[{"name":"wp","href":"https:\/\/api.w.org\/{rel}","templated":true}]}}