{"id":34333,"date":"2012-01-19T15:12:17","date_gmt":"2012-01-19T15:12:17","guid":{"rendered":"https:\/\/enjoy-travel.pl\/ubezpieczenie-podrozy\/"},"modified":"2020-01-03T16:07:30","modified_gmt":"2020-01-03T15:07:30","slug":"travel-insurance","status":"publish","type":"page","link":"https:\/\/enjoyusa.pl\/en\/travel-insurance\/","title":{"rendered":"Travel Insurance"},"content":{"rendered":"","protected":false},"excerpt":{"rendered":"","protected":false},"author":2,"featured_media":0,"parent":0,"menu_order":0,"comment_status":"open","ping_status":"open","template":"page-template\/page-product.php","meta":{"footnotes":""},"class_list":["post-34333","page","type-page","status-publish","hentry"],"acf":[],"yoast_head":"<!-- This site is optimized with the Yoast SEO Premium plugin v26.1 (Yoast SEO v27.3) - https:\/\/yoast.com\/product\/yoast-seo-premium-wordpress\/ -->\n<title>Travel Insurance - Enjoy USA<\/title>\n<meta name=\"description\" content=\"Ubezpieczenie zdrowotne i wypadkowe jest istotn\u0105 cz\u0119\u015bci\u0105 podr\u00f3\u017cy zagranicznej. Wa\u017cne jest, aby mie\u0107 ubezpieczenie z siln\u0105 firm\u0105 ubezpieczeniow\u0105.\" \/>\n<meta name=\"robots\" content=\"index, follow, max-snippet:-1, max-image-preview:large, max-video-preview:-1\" \/>\n<link rel=\"canonical\" href=\"https:\/\/enjoyusa.pl\/en\/travel-insurance\/\" \/>\n<meta property=\"og:locale\" content=\"en_US\" \/>\n<meta property=\"og:type\" content=\"article\" \/>\n<meta property=\"og:title\" content=\"Cestovn\u00ed, zdravotn\u00ed a \u00farazov\u00e9 poji\u0161t\u011bn\u00ed pro cesty do zahrani\u010d\u00ed | Czech-us\" \/>\n<meta property=\"og:description\" content=\"Pojist\u011bte se p\u0159ed odjezdem na pracovn\u00ed \u010di studijn\u00ed pobyt do zahrani\u010d\u00ed, a\u0165 ji\u017e v Evrop\u011b, Austr\u00e1lii, Nov\u00e9m Z\u00e9landu \u010di pro program Work&amp;Travel USA. Poji\u0161t\u011bn\u00ed zahrnuje i poji\u0161t\u011bn\u00ed zavazadel a poji\u0161t\u011bn\u00ed odpov\u011bdnosti zp\u016fsoben\u00e9 v zahrani\u010d\u00ed t\u0159et\u00edm osob\u00e1m.\" \/>\n<meta property=\"og:url\" content=\"https:\/\/enjoyusa.pl\/en\/travel-insurance\/\" \/>\n<meta property=\"og:site_name\" content=\"Enjoy USA\" \/>\n<meta property=\"article:publisher\" content=\"https:\/\/www.facebook.com\/profile.php?id=100088749600403&amp;locale=pl_PL\" \/>\n<meta property=\"article:modified_time\" content=\"2020-01-03T15:07:30+00:00\" \/>\n<meta property=\"og:image\" content=\"https:\/\/enjoyusa.pl\/wp-content\/uploads\/2024\/09\/logo.jpg\" \/>\n\t<meta property=\"og:image:width\" content=\"1184\" \/>\n\t<meta property=\"og:image:height\" content=\"478\" \/>\n\t<meta property=\"og:image:type\" content=\"image\/jpeg\" \/>\n<meta name=\"twitter:card\" content=\"summary_large_image\" \/>\n<meta name=\"twitter:title\" content=\"Travel Insurance\" \/>\n<script type=\"application\/ld+json\" class=\"yoast-schema-graph\">{\"@context\":\"https:\\\/\\\/schema.org\",\"@graph\":[{\"@type\":\"WebPage\",\"@id\":\"https:\\\/\\\/enjoyusa.pl\\\/en\\\/travel-insurance\\\/\",\"url\":\"https:\\\/\\\/enjoyusa.pl\\\/en\\\/travel-insurance\\\/\",\"name\":\"Travel Insurance - Enjoy USA\",\"isPartOf\":{\"@id\":\"https:\\\/\\\/enjoyusa.pl\\\/#website\"},\"datePublished\":\"2012-01-19T15:12:17+00:00\",\"dateModified\":\"2020-01-03T15:07:30+00:00\",\"description\":\"Ubezpieczenie zdrowotne i wypadkowe jest istotn\u0105 cz\u0119\u015bci\u0105 podr\u00f3\u017cy zagranicznej. Wa\u017cne jest, aby mie\u0107 ubezpieczenie z siln\u0105 firm\u0105 ubezpieczeniow\u0105.\",\"breadcrumb\":{\"@id\":\"https:\\\/\\\/enjoyusa.pl\\\/en\\\/travel-insurance\\\/#breadcrumb\"},\"inLanguage\":\"en-US\",\"potentialAction\":[{\"@type\":\"ReadAction\",\"target\":[\"https:\\\/\\\/enjoyusa.pl\\\/en\\\/travel-insurance\\\/\"]}]},{\"@type\":\"BreadcrumbList\",\"@id\":\"https:\\\/\\\/enjoyusa.pl\\\/en\\\/travel-insurance\\\/#breadcrumb\",\"itemListElement\":[{\"@type\":\"ListItem\",\"position\":1,\"name\":\"Strona g\u0142\u00f3wna\",\"item\":\"https:\\\/\\\/enjoyusa.pl\\\/en\\\/\"},{\"@type\":\"ListItem\",\"position\":2,\"name\":\"Travel Insurance\"}]},{\"@type\":\"WebSite\",\"@id\":\"https:\\\/\\\/enjoyusa.pl\\\/#website\",\"url\":\"https:\\\/\\\/enjoyusa.pl\\\/\",\"name\":\"Enjoy USA\",\"description\":\"Programy wyjazd\u00f3w zagranicznych\",\"publisher\":{\"@id\":\"https:\\\/\\\/enjoyusa.pl\\\/#organization\"},\"potentialAction\":[{\"@type\":\"SearchAction\",\"target\":{\"@type\":\"EntryPoint\",\"urlTemplate\":\"https:\\\/\\\/enjoyusa.pl\\\/?s={search_term_string}\"},\"query-input\":{\"@type\":\"PropertyValueSpecification\",\"valueRequired\":true,\"valueName\":\"search_term_string\"}}],\"inLanguage\":\"en-US\"},{\"@type\":\"Organization\",\"@id\":\"https:\\\/\\\/enjoyusa.pl\\\/#organization\",\"name\":\"Enjoy USA\",\"url\":\"https:\\\/\\\/enjoyusa.pl\\\/\",\"logo\":{\"@type\":\"ImageObject\",\"inLanguage\":\"en-US\",\"@id\":\"https:\\\/\\\/enjoyusa.pl\\\/#\\\/schema\\\/logo\\\/image\\\/\",\"url\":\"https:\\\/\\\/enjoyusa.pl\\\/wp-content\\\/uploads\\\/2024\\\/09\\\/logo.jpg\",\"contentUrl\":\"https:\\\/\\\/enjoyusa.pl\\\/wp-content\\\/uploads\\\/2024\\\/09\\\/logo.jpg\",\"width\":1184,\"height\":478,\"caption\":\"Enjoy USA\"},\"image\":{\"@id\":\"https:\\\/\\\/enjoyusa.pl\\\/#\\\/schema\\\/logo\\\/image\\\/\"},\"sameAs\":[\"https:\\\/\\\/www.facebook.com\\\/profile.php?id=100088749600403&locale=pl_PL\"],\"publishingPrinciples\":\"https:\\\/\\\/enjoyusa.pl\\\/wyjazdy-studenckie-za-granice\\\/wyjazdy-studenckie-do-usa\\\/\",\"ownershipFundingInfo\":\"https:\\\/\\\/enjoyusa.pl\\\/promocje-work-and-travel-usa\\\/\",\"actionableFeedbackPolicy\":\"https:\\\/\\\/enjoyusa.pl\\\/wyjazdy-studenckie-za-granice\\\/\",\"correctionsPolicy\":\"https:\\\/\\\/enjoyusa.pl\\\/polityka-prywatnosci\\\/\",\"ethicsPolicy\":\"https:\\\/\\\/enjoyusa.pl\\\/polityka-prywatnosci\\\/\",\"diversityPolicy\":\"https:\\\/\\\/enjoyusa.pl\\\/polityka-prywatnosci\\\/\",\"diversityStaffingReport\":\"https:\\\/\\\/enjoyusa.pl\\\/polityka-prywatnosci\\\/\"}]}<\/script>\n<!-- \/ Yoast SEO Premium plugin. -->","yoast_head_json":{"title":"Travel Insurance - Enjoy USA","description":"Ubezpieczenie zdrowotne i wypadkowe jest istotn\u0105 cz\u0119\u015bci\u0105 podr\u00f3\u017cy zagranicznej. Wa\u017cne jest, aby mie\u0107 ubezpieczenie z siln\u0105 firm\u0105 ubezpieczeniow\u0105.","robots":{"index":"index","follow":"follow","max-snippet":"max-snippet:-1","max-image-preview":"max-image-preview:large","max-video-preview":"max-video-preview:-1"},"canonical":"https:\/\/enjoyusa.pl\/en\/travel-insurance\/","og_locale":"en_US","og_type":"article","og_title":"Cestovn\u00ed, zdravotn\u00ed a \u00farazov\u00e9 poji\u0161t\u011bn\u00ed pro cesty do zahrani\u010d\u00ed | Czech-us","og_description":"Pojist\u011bte se p\u0159ed odjezdem na pracovn\u00ed \u010di studijn\u00ed pobyt do zahrani\u010d\u00ed, a\u0165 ji\u017e v Evrop\u011b, Austr\u00e1lii, Nov\u00e9m Z\u00e9landu \u010di pro program Work&Travel USA. Poji\u0161t\u011bn\u00ed zahrnuje i poji\u0161t\u011bn\u00ed zavazadel a poji\u0161t\u011bn\u00ed odpov\u011bdnosti zp\u016fsoben\u00e9 v zahrani\u010d\u00ed t\u0159et\u00edm osob\u00e1m.","og_url":"https:\/\/enjoyusa.pl\/en\/travel-insurance\/","og_site_name":"Enjoy USA","article_publisher":"https:\/\/www.facebook.com\/profile.php?id=100088749600403&locale=pl_PL","article_modified_time":"2020-01-03T15:07:30+00:00","og_image":[{"width":1184,"height":478,"url":"https:\/\/enjoyusa.pl\/wp-content\/uploads\/2024\/09\/logo.jpg","type":"image\/jpeg"}],"twitter_card":"summary_large_image","twitter_title":"Travel Insurance","schema":{"@context":"https:\/\/schema.org","@graph":[{"@type":"WebPage","@id":"https:\/\/enjoyusa.pl\/en\/travel-insurance\/","url":"https:\/\/enjoyusa.pl\/en\/travel-insurance\/","name":"Travel Insurance - Enjoy USA","isPartOf":{"@id":"https:\/\/enjoyusa.pl\/#website"},"datePublished":"2012-01-19T15:12:17+00:00","dateModified":"2020-01-03T15:07:30+00:00","description":"Ubezpieczenie zdrowotne i wypadkowe jest istotn\u0105 cz\u0119\u015bci\u0105 podr\u00f3\u017cy zagranicznej. Wa\u017cne jest, aby mie\u0107 ubezpieczenie z siln\u0105 firm\u0105 ubezpieczeniow\u0105.","breadcrumb":{"@id":"https:\/\/enjoyusa.pl\/en\/travel-insurance\/#breadcrumb"},"inLanguage":"en-US","potentialAction":[{"@type":"ReadAction","target":["https:\/\/enjoyusa.pl\/en\/travel-insurance\/"]}]},{"@type":"BreadcrumbList","@id":"https:\/\/enjoyusa.pl\/en\/travel-insurance\/#breadcrumb","itemListElement":[{"@type":"ListItem","position":1,"name":"Strona g\u0142\u00f3wna","item":"https:\/\/enjoyusa.pl\/en\/"},{"@type":"ListItem","position":2,"name":"Travel Insurance"}]},{"@type":"WebSite","@id":"https:\/\/enjoyusa.pl\/#website","url":"https:\/\/enjoyusa.pl\/","name":"Enjoy USA","description":"Programy wyjazd\u00f3w zagranicznych","publisher":{"@id":"https:\/\/enjoyusa.pl\/#organization"},"potentialAction":[{"@type":"SearchAction","target":{"@type":"EntryPoint","urlTemplate":"https:\/\/enjoyusa.pl\/?s={search_term_string}"},"query-input":{"@type":"PropertyValueSpecification","valueRequired":true,"valueName":"search_term_string"}}],"inLanguage":"en-US"},{"@type":"Organization","@id":"https:\/\/enjoyusa.pl\/#organization","name":"Enjoy USA","url":"https:\/\/enjoyusa.pl\/","logo":{"@type":"ImageObject","inLanguage":"en-US","@id":"https:\/\/enjoyusa.pl\/#\/schema\/logo\/image\/","url":"https:\/\/enjoyusa.pl\/wp-content\/uploads\/2024\/09\/logo.jpg","contentUrl":"https:\/\/enjoyusa.pl\/wp-content\/uploads\/2024\/09\/logo.jpg","width":1184,"height":478,"caption":"Enjoy USA"},"image":{"@id":"https:\/\/enjoyusa.pl\/#\/schema\/logo\/image\/"},"sameAs":["https:\/\/www.facebook.com\/profile.php?id=100088749600403&locale=pl_PL"],"publishingPrinciples":"https:\/\/enjoyusa.pl\/wyjazdy-studenckie-za-granice\/wyjazdy-studenckie-do-usa\/","ownershipFundingInfo":"https:\/\/enjoyusa.pl\/promocje-work-and-travel-usa\/","actionableFeedbackPolicy":"https:\/\/enjoyusa.pl\/wyjazdy-studenckie-za-granice\/","correctionsPolicy":"https:\/\/enjoyusa.pl\/polityka-prywatnosci\/","ethicsPolicy":"https:\/\/enjoyusa.pl\/polityka-prywatnosci\/","diversityPolicy":"https:\/\/enjoyusa.pl\/polityka-prywatnosci\/","diversityStaffingReport":"https:\/\/enjoyusa.pl\/polityka-prywatnosci\/"}]}},"rttpg_featured_image_url":null,"rttpg_author":{"display_name":"Michal Bla\u017eek","author_link":"https:\/\/enjoyusa.pl\/en\/author\/michal-blazek\/"},"rttpg_comment":0,"rttpg_category":" <a href=\"https:\/\/enjoyusa.pl\/en\/?taxonomy=translation_priority&#038;term=optional-en\" rel=\"tag\">Optional<\/a>","rttpg_excerpt":null,"_links":{"self":[{"href":"https:\/\/enjoyusa.pl\/en\/wp-json\/wp\/v2\/pages\/34333","targetHints":{"allow":["GET"]}}],"collection":[{"href":"https:\/\/enjoyusa.pl\/en\/wp-json\/wp\/v2\/pages"}],"about":[{"href":"https:\/\/enjoyusa.pl\/en\/wp-json\/wp\/v2\/types\/page"}],"author":[{"embeddable":true,"href":"https:\/\/enjoyusa.pl\/en\/wp-json\/wp\/v2\/users\/2"}],"replies":[{"embeddable":true,"href":"https:\/\/enjoyusa.pl\/en\/wp-json\/wp\/v2\/comments?post=34333"}],"version-history":[{"count":2,"href":"https:\/\/enjoyusa.pl\/en\/wp-json\/wp\/v2\/pages\/34333\/revisions"}],"predecessor-version":[{"id":34529,"href":"https:\/\/enjoyusa.pl\/en\/wp-json\/wp\/v2\/pages\/34333\/revisions\/34529"}],"wp:attachment":[{"href":"https:\/\/enjoyusa.pl\/en\/wp-json\/wp\/v2\/media?parent=34333"}],"curies":[{"name":"wp","href":"https:\/\/api.w.org\/{rel}","templated":true}]}}