{"id":34329,"date":"2012-06-03T20:08:34","date_gmt":"2012-06-03T20:08:34","guid":{"rendered":"https:\/\/enjoy-travel.pl\/praca-w-wielkiej-brytanii\/"},"modified":"2020-01-03T16:26:15","modified_gmt":"2020-01-03T15:26:15","slug":"work-in-united-kingdom","status":"publish","type":"page","link":"https:\/\/enjoyusa.pl\/en\/work-in-united-kingdom\/","title":{"rendered":"Work in London"},"content":{"rendered":"","protected":false},"excerpt":{"rendered":"","protected":false},"author":2,"featured_media":0,"parent":0,"menu_order":0,"comment_status":"open","ping_status":"closed","template":"page-template\/page-product.php","meta":{"footnotes":""},"class_list":["post-34329","page","type-page","status-publish","hentry"],"acf":[],"yoast_head":"<!-- This site is optimized with the Yoast SEO Premium plugin v26.1 (Yoast SEO v27.3) - https:\/\/yoast.com\/product\/yoast-seo-premium-wordpress\/ -->\n<title>Work in London - Enjoy USA<\/title>\n<meta name=\"description\" content=\"Podr\u00f3\u017c bezpo\u015brednio do Londynu w celu zdobycia do\u015bwiadczenia zawodowego. Mo\u017ce to by\u0107 praca recepcjonisty, kelnera, asystenta kuchni i wielu innych.\" \/>\n<meta name=\"robots\" content=\"index, follow, max-snippet:-1, max-image-preview:large, max-video-preview:-1\" \/>\n<link rel=\"canonical\" href=\"https:\/\/enjoyusa.pl\/en\/work-in-united-kingdom\/\" \/>\n<meta property=\"og:locale\" content=\"en_US\" \/>\n<meta property=\"og:type\" content=\"article\" \/>\n<meta property=\"og:title\" content=\"Pr\u00e1ce v Anglii - v Lond\u00fdn\u011b | Czech-us\" \/>\n<meta property=\"og:description\" content=\"Chcete za\u017e\u00edt n\u011bco nov\u00e9ho, z\u00edskat cennou polo\u017eku do va\u0161eho \u017eivotopisu a zlep\u0161it si angli\u010dtinu? Pak je program Pr\u00e1ce v Lond\u00fdn\u011b pro v\u00e1s t\u00edm prav\u00fdm!\" \/>\n<meta property=\"og:url\" content=\"https:\/\/enjoyusa.pl\/en\/work-in-united-kingdom\/\" \/>\n<meta property=\"og:site_name\" content=\"Enjoy USA\" \/>\n<meta property=\"article:publisher\" content=\"https:\/\/www.facebook.com\/profile.php?id=100088749600403&amp;locale=pl_PL\" \/>\n<meta property=\"article:modified_time\" content=\"2020-01-03T15:26:15+00:00\" \/>\n<meta property=\"og:image\" content=\"https:\/\/enjoyusa.pl\/wp-content\/uploads\/2024\/09\/logo.jpg\" \/>\n\t<meta property=\"og:image:width\" content=\"1184\" \/>\n\t<meta property=\"og:image:height\" content=\"478\" \/>\n\t<meta property=\"og:image:type\" content=\"image\/jpeg\" \/>\n<meta name=\"twitter:card\" content=\"summary_large_image\" \/>\n<meta name=\"twitter:title\" content=\"Work in London\" \/>\n<script type=\"application\/ld+json\" class=\"yoast-schema-graph\">{\"@context\":\"https:\\\/\\\/schema.org\",\"@graph\":[{\"@type\":\"WebPage\",\"@id\":\"https:\\\/\\\/enjoyusa.pl\\\/en\\\/work-in-united-kingdom\\\/\",\"url\":\"https:\\\/\\\/enjoyusa.pl\\\/en\\\/work-in-united-kingdom\\\/\",\"name\":\"Work in London - Enjoy USA\",\"isPartOf\":{\"@id\":\"https:\\\/\\\/enjoyusa.pl\\\/#website\"},\"datePublished\":\"2012-06-03T20:08:34+00:00\",\"dateModified\":\"2020-01-03T15:26:15+00:00\",\"description\":\"Podr\u00f3\u017c bezpo\u015brednio do Londynu w celu zdobycia do\u015bwiadczenia zawodowego. Mo\u017ce to by\u0107 praca recepcjonisty, kelnera, asystenta kuchni i wielu innych.\",\"breadcrumb\":{\"@id\":\"https:\\\/\\\/enjoyusa.pl\\\/en\\\/work-in-united-kingdom\\\/#breadcrumb\"},\"inLanguage\":\"en-US\",\"potentialAction\":[{\"@type\":\"ReadAction\",\"target\":[\"https:\\\/\\\/enjoyusa.pl\\\/en\\\/work-in-united-kingdom\\\/\"]}]},{\"@type\":\"BreadcrumbList\",\"@id\":\"https:\\\/\\\/enjoyusa.pl\\\/en\\\/work-in-united-kingdom\\\/#breadcrumb\",\"itemListElement\":[{\"@type\":\"ListItem\",\"position\":1,\"name\":\"Strona g\u0142\u00f3wna\",\"item\":\"https:\\\/\\\/enjoyusa.pl\\\/en\\\/\"},{\"@type\":\"ListItem\",\"position\":2,\"name\":\"Work in London\"}]},{\"@type\":\"WebSite\",\"@id\":\"https:\\\/\\\/enjoyusa.pl\\\/#website\",\"url\":\"https:\\\/\\\/enjoyusa.pl\\\/\",\"name\":\"Enjoy USA\",\"description\":\"Programy wyjazd\u00f3w zagranicznych\",\"publisher\":{\"@id\":\"https:\\\/\\\/enjoyusa.pl\\\/#organization\"},\"potentialAction\":[{\"@type\":\"SearchAction\",\"target\":{\"@type\":\"EntryPoint\",\"urlTemplate\":\"https:\\\/\\\/enjoyusa.pl\\\/?s={search_term_string}\"},\"query-input\":{\"@type\":\"PropertyValueSpecification\",\"valueRequired\":true,\"valueName\":\"search_term_string\"}}],\"inLanguage\":\"en-US\"},{\"@type\":\"Organization\",\"@id\":\"https:\\\/\\\/enjoyusa.pl\\\/#organization\",\"name\":\"Enjoy USA\",\"url\":\"https:\\\/\\\/enjoyusa.pl\\\/\",\"logo\":{\"@type\":\"ImageObject\",\"inLanguage\":\"en-US\",\"@id\":\"https:\\\/\\\/enjoyusa.pl\\\/#\\\/schema\\\/logo\\\/image\\\/\",\"url\":\"https:\\\/\\\/enjoyusa.pl\\\/wp-content\\\/uploads\\\/2024\\\/09\\\/logo.jpg\",\"contentUrl\":\"https:\\\/\\\/enjoyusa.pl\\\/wp-content\\\/uploads\\\/2024\\\/09\\\/logo.jpg\",\"width\":1184,\"height\":478,\"caption\":\"Enjoy USA\"},\"image\":{\"@id\":\"https:\\\/\\\/enjoyusa.pl\\\/#\\\/schema\\\/logo\\\/image\\\/\"},\"sameAs\":[\"https:\\\/\\\/www.facebook.com\\\/profile.php?id=100088749600403&locale=pl_PL\"],\"publishingPrinciples\":\"https:\\\/\\\/enjoyusa.pl\\\/wyjazdy-studenckie-za-granice\\\/wyjazdy-studenckie-do-usa\\\/\",\"ownershipFundingInfo\":\"https:\\\/\\\/enjoyusa.pl\\\/promocje-work-and-travel-usa\\\/\",\"actionableFeedbackPolicy\":\"https:\\\/\\\/enjoyusa.pl\\\/wyjazdy-studenckie-za-granice\\\/\",\"correctionsPolicy\":\"https:\\\/\\\/enjoyusa.pl\\\/polityka-prywatnosci\\\/\",\"ethicsPolicy\":\"https:\\\/\\\/enjoyusa.pl\\\/polityka-prywatnosci\\\/\",\"diversityPolicy\":\"https:\\\/\\\/enjoyusa.pl\\\/polityka-prywatnosci\\\/\",\"diversityStaffingReport\":\"https:\\\/\\\/enjoyusa.pl\\\/polityka-prywatnosci\\\/\"}]}<\/script>\n<!-- \/ Yoast SEO Premium plugin. -->","yoast_head_json":{"title":"Work in London - Enjoy USA","description":"Podr\u00f3\u017c bezpo\u015brednio do Londynu w celu zdobycia do\u015bwiadczenia zawodowego. Mo\u017ce to by\u0107 praca recepcjonisty, kelnera, asystenta kuchni i wielu innych.","robots":{"index":"index","follow":"follow","max-snippet":"max-snippet:-1","max-image-preview":"max-image-preview:large","max-video-preview":"max-video-preview:-1"},"canonical":"https:\/\/enjoyusa.pl\/en\/work-in-united-kingdom\/","og_locale":"en_US","og_type":"article","og_title":"Pr\u00e1ce v Anglii - v Lond\u00fdn\u011b | Czech-us","og_description":"Chcete za\u017e\u00edt n\u011bco nov\u00e9ho, z\u00edskat cennou polo\u017eku do va\u0161eho \u017eivotopisu a zlep\u0161it si angli\u010dtinu? Pak je program Pr\u00e1ce v Lond\u00fdn\u011b pro v\u00e1s t\u00edm prav\u00fdm!","og_url":"https:\/\/enjoyusa.pl\/en\/work-in-united-kingdom\/","og_site_name":"Enjoy USA","article_publisher":"https:\/\/www.facebook.com\/profile.php?id=100088749600403&locale=pl_PL","article_modified_time":"2020-01-03T15:26:15+00:00","og_image":[{"width":1184,"height":478,"url":"https:\/\/enjoyusa.pl\/wp-content\/uploads\/2024\/09\/logo.jpg","type":"image\/jpeg"}],"twitter_card":"summary_large_image","twitter_title":"Work in London","schema":{"@context":"https:\/\/schema.org","@graph":[{"@type":"WebPage","@id":"https:\/\/enjoyusa.pl\/en\/work-in-united-kingdom\/","url":"https:\/\/enjoyusa.pl\/en\/work-in-united-kingdom\/","name":"Work in London - Enjoy USA","isPartOf":{"@id":"https:\/\/enjoyusa.pl\/#website"},"datePublished":"2012-06-03T20:08:34+00:00","dateModified":"2020-01-03T15:26:15+00:00","description":"Podr\u00f3\u017c bezpo\u015brednio do Londynu w celu zdobycia do\u015bwiadczenia zawodowego. Mo\u017ce to by\u0107 praca recepcjonisty, kelnera, asystenta kuchni i wielu innych.","breadcrumb":{"@id":"https:\/\/enjoyusa.pl\/en\/work-in-united-kingdom\/#breadcrumb"},"inLanguage":"en-US","potentialAction":[{"@type":"ReadAction","target":["https:\/\/enjoyusa.pl\/en\/work-in-united-kingdom\/"]}]},{"@type":"BreadcrumbList","@id":"https:\/\/enjoyusa.pl\/en\/work-in-united-kingdom\/#breadcrumb","itemListElement":[{"@type":"ListItem","position":1,"name":"Strona g\u0142\u00f3wna","item":"https:\/\/enjoyusa.pl\/en\/"},{"@type":"ListItem","position":2,"name":"Work in London"}]},{"@type":"WebSite","@id":"https:\/\/enjoyusa.pl\/#website","url":"https:\/\/enjoyusa.pl\/","name":"Enjoy USA","description":"Programy wyjazd\u00f3w zagranicznych","publisher":{"@id":"https:\/\/enjoyusa.pl\/#organization"},"potentialAction":[{"@type":"SearchAction","target":{"@type":"EntryPoint","urlTemplate":"https:\/\/enjoyusa.pl\/?s={search_term_string}"},"query-input":{"@type":"PropertyValueSpecification","valueRequired":true,"valueName":"search_term_string"}}],"inLanguage":"en-US"},{"@type":"Organization","@id":"https:\/\/enjoyusa.pl\/#organization","name":"Enjoy USA","url":"https:\/\/enjoyusa.pl\/","logo":{"@type":"ImageObject","inLanguage":"en-US","@id":"https:\/\/enjoyusa.pl\/#\/schema\/logo\/image\/","url":"https:\/\/enjoyusa.pl\/wp-content\/uploads\/2024\/09\/logo.jpg","contentUrl":"https:\/\/enjoyusa.pl\/wp-content\/uploads\/2024\/09\/logo.jpg","width":1184,"height":478,"caption":"Enjoy USA"},"image":{"@id":"https:\/\/enjoyusa.pl\/#\/schema\/logo\/image\/"},"sameAs":["https:\/\/www.facebook.com\/profile.php?id=100088749600403&locale=pl_PL"],"publishingPrinciples":"https:\/\/enjoyusa.pl\/wyjazdy-studenckie-za-granice\/wyjazdy-studenckie-do-usa\/","ownershipFundingInfo":"https:\/\/enjoyusa.pl\/promocje-work-and-travel-usa\/","actionableFeedbackPolicy":"https:\/\/enjoyusa.pl\/wyjazdy-studenckie-za-granice\/","correctionsPolicy":"https:\/\/enjoyusa.pl\/polityka-prywatnosci\/","ethicsPolicy":"https:\/\/enjoyusa.pl\/polityka-prywatnosci\/","diversityPolicy":"https:\/\/enjoyusa.pl\/polityka-prywatnosci\/","diversityStaffingReport":"https:\/\/enjoyusa.pl\/polityka-prywatnosci\/"}]}},"rttpg_featured_image_url":null,"rttpg_author":{"display_name":"Michal Bla\u017eek","author_link":"https:\/\/enjoyusa.pl\/en\/author\/michal-blazek\/"},"rttpg_comment":0,"rttpg_category":false,"rttpg_excerpt":null,"_links":{"self":[{"href":"https:\/\/enjoyusa.pl\/en\/wp-json\/wp\/v2\/pages\/34329","targetHints":{"allow":["GET"]}}],"collection":[{"href":"https:\/\/enjoyusa.pl\/en\/wp-json\/wp\/v2\/pages"}],"about":[{"href":"https:\/\/enjoyusa.pl\/en\/wp-json\/wp\/v2\/types\/page"}],"author":[{"embeddable":true,"href":"https:\/\/enjoyusa.pl\/en\/wp-json\/wp\/v2\/users\/2"}],"replies":[{"embeddable":true,"href":"https:\/\/enjoyusa.pl\/en\/wp-json\/wp\/v2\/comments?post=34329"}],"version-history":[{"count":3,"href":"https:\/\/enjoyusa.pl\/en\/wp-json\/wp\/v2\/pages\/34329\/revisions"}],"predecessor-version":[{"id":34536,"href":"https:\/\/enjoyusa.pl\/en\/wp-json\/wp\/v2\/pages\/34329\/revisions\/34536"}],"wp:attachment":[{"href":"https:\/\/enjoyusa.pl\/en\/wp-json\/wp\/v2\/media?parent=34329"}],"curies":[{"name":"wp","href":"https:\/\/api.w.org\/{rel}","templated":true}]}}